{"id":227,"date":"2021-12-17T02:06:14","date_gmt":"2021-12-17T01:06:14","guid":{"rendered":"http:\/\/biurosjz.pl\/?page_id=227"},"modified":"2021-12-17T02:25:48","modified_gmt":"2021-12-17T01:25:48","slug":"cennik","status":"publish","type":"page","link":"https:\/\/biurosjz.pl\/index.php\/cennik\/","title":{"rendered":"cennik"},"content":{"rendered":"\n<blockquote class=\"wp-block-quote is-style-large\"><p><strong>Oferta cenowa<\/strong><\/p><\/blockquote>\n\n\n\n<p>Podane ceny s\u0105 cenami orientacyjnymi i podlegaj\u0105 indywidualnym negocjacjom.<br>Ceny katalogowe naszych us\u0142ug kszta\u0142tuj\u0105 si\u0119 nast\u0119puj\u0105co:<\/p>\n\n\n\n<p class=\"has-text-align-center\"><strong>PROWADZENIE KSI\u0104\u017bKI PRZYCHOD\u00d3W I ROZCHOD\u00d3W<\/strong><\/p>\n\n\n\n<figure class=\"wp-block-table is-style-regular\"><table><tbody><tr><td class=\"has-text-align-center\" data-align=\"center\">Wynagrodzenie miesi\u0119czne<br>brutto w PLN<\/td><td class=\"has-text-align-center\" data-align=\"center\">\u015arednia ilo\u015b\u0107 dokument\u00f3w w miesi\u0105cu<\/td><\/tr><tr><td class=\"has-text-align-center\" data-align=\"center\">100 &#8211; 350<br>360 &#8211; 550<br>560 &#8211; 750<br>760 &#8211; 850<br>860 &#8211; 1100<br>od 1200<\/td><td class=\"has-text-align-center\" data-align=\"center\">1 &#8211; 50<br>51 &#8211; 100<br>101 &#8211; 200<br>201 &#8211; 300<br>301 &#8211; 500<br>&gt; 501<\/td><\/tr><\/tbody><\/table><\/figure>\n\n\n\n<p> <\/p>\n","protected":false},"excerpt":{"rendered":"<p>Oferta cenowa Podane ceny s\u0105 cenami orientacyjnymi i podlegaj\u0105 indywidualnym negocjacjom.Ceny katalogowe naszych us\u0142ug kszta\u0142tuj\u0105 si\u0119 nast\u0119puj\u0105co: PROWADZENIE KSI\u0104\u017bKI PRZYCHOD\u00d3W I ROZCHOD\u00d3W Wynagrodzenie miesi\u0119cznebrutto w PLN \u015arednia ilo\u015b\u0107 dokument\u00f3w w miesi\u0105cu 100 &#8211; 350360 &#8211; 550560 &#8211; 750760 &#8211; 850860 &#8211; 1100od 1200 1 &#8211; 5051 &#8211; 100101 &#8211; 200201 &#8211; 300301 &#8211; 500&gt; 501<\/p>\n<a class=\"btn_a\" href=\"https:\/\/biurosjz.pl\/index.php\/cennik\/\"><span><i class=\"in_left fa fa-angle-right\"><\/i><span>Details<\/span><i class=\"in_right fa fa-angle-right\"><\/i><\/span><\/a>","protected":false},"author":1,"featured_media":0,"parent":0,"menu_order":0,"comment_status":"closed","ping_status":"closed","template":"page-fullwidth.php","meta":[],"_links":{"self":[{"href":"https:\/\/biurosjz.pl\/index.php\/wp-json\/wp\/v2\/pages\/227"}],"collection":[{"href":"https:\/\/biurosjz.pl\/index.php\/wp-json\/wp\/v2\/pages"}],"about":[{"href":"https:\/\/biurosjz.pl\/index.php\/wp-json\/wp\/v2\/types\/page"}],"author":[{"embeddable":true,"href":"https:\/\/biurosjz.pl\/index.php\/wp-json\/wp\/v2\/users\/1"}],"replies":[{"embeddable":true,"href":"https:\/\/biurosjz.pl\/index.php\/wp-json\/wp\/v2\/comments?post=227"}],"version-history":[{"count":2,"href":"https:\/\/biurosjz.pl\/index.php\/wp-json\/wp\/v2\/pages\/227\/revisions"}],"predecessor-version":[{"id":241,"href":"https:\/\/biurosjz.pl\/index.php\/wp-json\/wp\/v2\/pages\/227\/revisions\/241"}],"wp:attachment":[{"href":"https:\/\/biurosjz.pl\/index.php\/wp-json\/wp\/v2\/media?parent=227"}],"curies":[{"name":"wp","href":"https:\/\/api.w.org\/{rel}","templated":true}]}}