{"id":223,"date":"2021-12-17T01:54:09","date_gmt":"2021-12-17T00:54:09","guid":{"rendered":"http:\/\/biurosjz.pl\/?page_id=223"},"modified":"2021-12-17T11:28:58","modified_gmt":"2021-12-17T10:28:58","slug":"o-firmie","status":"publish","type":"page","link":"https:\/\/biurosjz.pl\/index.php\/o-firmie\/","title":{"rendered":"O firmie"},"content":{"rendered":"\n<hr class=\"wp-block-separator is-style-wide\"\/>\n\n\n\n<div class=\"wp-block-image is-style-default\"><figure class=\"alignright size-medium is-resized\"><img loading=\"lazy\" src=\"http:\/\/biurosjz.pl\/wp-content\/uploads\/2021\/12\/tloe-300x177.jpg\" alt=\"\" class=\"wp-image-290\" width=\"514\" height=\"303\" srcset=\"https:\/\/biurosjz.pl\/wp-content\/uploads\/2021\/12\/tloe-300x177.jpg 300w, https:\/\/biurosjz.pl\/wp-content\/uploads\/2021\/12\/tloe.jpg 679w\" sizes=\"(max-width: 514px) 100vw, 514px\" \/><\/figure><\/div>\n\n\n\n<p class=\"has-text-align-left\" style=\"font-size:18px\"><em>Biuro Rachunkowe powsta\u0142o na bazie do\u015bwiadcze\u0144 zawodowych.<br>Od pocz\u0105tku dzia\u0142alno\u015bci szczeg\u00f3ln\u0105 uwag\u0119 przywi\u0105zujemy do jako\u015bci \u015bwiadczonych przez nas us\u0142ug.<\/em><br><em>Prowadzimy kompleksow\u0105 obs\u0142ug\u0119 dla wszystkich przedsi\u0119biorc\u00f3w, kt\u00f3rych ksi\u0119gowo\u015b\u0107 oparta jest na podatkowej ksi\u0119dze przychod\u00f3w i rozchod\u00f3w oraz rycza\u0142t od przychod\u00f3w ewidencjonowanych.<br>Zapewniamy naszym klientom reprezentacj\u0119 przed urz\u0119dami. Oferujemy pomoc w za\u0142atwianiu wszelkich formalno\u015bci zwi\u0105zanych z za\u0142o\u017ceniem w\u0142asnej dzia\u0142alno\u015bci.<br>Gwarantujemy oszcz\u0119dno\u015b\u0107 Pa\u0144stwa cennego czasu, pewno\u015b\u0107 terminowej realizacji zlece\u0144 i optymalizacj\u0119 ryzyka gospodarczego.<\/em><\/p>\n","protected":false},"excerpt":{"rendered":"<p>Biuro Rachunkowe powsta\u0142o na bazie do\u015bwiadcze\u0144 zawodowych.Od pocz\u0105tku dzia\u0142alno\u015bci szczeg\u00f3ln\u0105 uwag\u0119 przywi\u0105zujemy do jako\u015bci \u015bwiadczonych przez nas us\u0142ug.Prowadzimy kompleksow\u0105 obs\u0142ug\u0119 dla wszystkich przedsi\u0119biorc\u00f3w, kt\u00f3rych ksi\u0119gowo\u015b\u0107 oparta jest na podatkowej ksi\u0119dze przychod\u00f3w i rozchod\u00f3w oraz rycza\u0142t od przychod\u00f3w ewidencjonowanych.Zapewniamy naszym klientom reprezentacj\u0119 przed urz\u0119dami. Oferujemy pomoc w za\u0142atwianiu wszelkich formalno\u015bci zwi\u0105zanych z za\u0142o\u017ceniem w\u0142asnej dzia\u0142alno\u015bci.Gwarantujemy oszcz\u0119dno\u015b\u0107<\/p>\n<a class=\"btn_a\" href=\"https:\/\/biurosjz.pl\/index.php\/o-firmie\/\"><span><i class=\"in_left fa fa-angle-right\"><\/i><span>Details<\/span><i class=\"in_right fa fa-angle-right\"><\/i><\/span><\/a>","protected":false},"author":1,"featured_media":0,"parent":0,"menu_order":0,"comment_status":"closed","ping_status":"closed","template":"page-fullwidth.php","meta":[],"_links":{"self":[{"href":"https:\/\/biurosjz.pl\/index.php\/wp-json\/wp\/v2\/pages\/223"}],"collection":[{"href":"https:\/\/biurosjz.pl\/index.php\/wp-json\/wp\/v2\/pages"}],"about":[{"href":"https:\/\/biurosjz.pl\/index.php\/wp-json\/wp\/v2\/types\/page"}],"author":[{"embeddable":true,"href":"https:\/\/biurosjz.pl\/index.php\/wp-json\/wp\/v2\/users\/1"}],"replies":[{"embeddable":true,"href":"https:\/\/biurosjz.pl\/index.php\/wp-json\/wp\/v2\/comments?post=223"}],"version-history":[{"count":22,"href":"https:\/\/biurosjz.pl\/index.php\/wp-json\/wp\/v2\/pages\/223\/revisions"}],"predecessor-version":[{"id":311,"href":"https:\/\/biurosjz.pl\/index.php\/wp-json\/wp\/v2\/pages\/223\/revisions\/311"}],"wp:attachment":[{"href":"https:\/\/biurosjz.pl\/index.php\/wp-json\/wp\/v2\/media?parent=223"}],"curies":[{"name":"wp","href":"https:\/\/api.w.org\/{rel}","templated":true}]}}