{"id":13,"date":"2021-12-15T23:54:45","date_gmt":"2021-12-15T22:54:45","guid":{"rendered":"http:\/\/gibnykl.cluster031.hosting.ovh.net\/?page_id=13"},"modified":"2021-12-21T13:23:59","modified_gmt":"2021-12-21T12:23:59","slug":"about","status":"publish","type":"page","link":"https:\/\/biurosjz.pl\/index.php\/about\/","title":{"rendered":"Oferta"},"content":{"rendered":"\n<h4>&gt;&gt;&gt;&gt;&gt;<a href=\"https:\/\/biurosjz.pl\/index.php\/uslugi\/\">Outsourcing ksi\u0119gowy<\/a> <\/h4>\n\n\n\n<blockquote class=\"wp-block-quote is-style-large\"><p><strong>Ponadto w ramach us\u0142ug oferujemy<\/strong><\/p><\/blockquote>\n\n\n\n<ul><li>prowadzenie bie\u017c\u0105cego monitoringu rozrachunk\u00f3w z dostawcami i odbiorcami<\/li><li>przygotowywanie propozycji kompensat nale\u017cno\u015bci i zobowi\u0105za\u0144, przygotowywanie w niezb\u0119dnych przypadkach wezwa\u0144 do zap\u0142aty, wezwa\u0144 ostatecznych do zap\u0142aty, not odsetkowych, monit\u00f3w ostatecznych<\/li><li>sporz\u0105dzanie i sk\u0142adanie raport\u00f3w wymaganych przez GUS<\/li><li>sporz\u0105dzanie i sk\u0142adanie druk\u00f3w aktualizacyjnych do Urz\u0119d\u00f3w Skarbowych, GUS, CEIDG<\/li><\/ul>\n\n\n\n<p><\/p>\n\n\n\n<blockquote class=\"wp-block-quote is-style-large\"><p><strong>Us\u0142ugi dodatkowe<br>Pomoc w za\u0142o\u017ceniu firmy w ramach us\u0142ug oferujemy<\/strong><\/p><\/blockquote>\n\n\n\n<ul><li>pomoc w wyborze najkorzystniejszej formy prowadzenia biznesu<\/li><li>przygotowanie i z\u0142o\u017cenie do odpowiednich organ\u00f3w pa\u0144stwa dokument\u00f3w wymaganych do rejestracji wybranej przez klienta formy dzia\u0142alno\u015bci biznesowej<\/li><li>pomoc przy wyborze najkorzystniejszej formy opodatkowania dzia\u0142alno\u015bci gospodarczej<\/li><\/ul>\n","protected":false},"excerpt":{"rendered":"<p>&gt;&gt;&gt;&gt;&gt;Outsourcing ksi\u0119gowy Ponadto w ramach us\u0142ug oferujemy prowadzenie bie\u017c\u0105cego monitoringu rozrachunk\u00f3w z dostawcami i odbiorcami przygotowywanie propozycji kompensat nale\u017cno\u015bci i zobowi\u0105za\u0144, przygotowywanie w niezb\u0119dnych przypadkach wezwa\u0144 do zap\u0142aty, wezwa\u0144 ostatecznych do zap\u0142aty, not odsetkowych, monit\u00f3w ostatecznych sporz\u0105dzanie i sk\u0142adanie raport\u00f3w wymaganych przez GUS sporz\u0105dzanie i sk\u0142adanie druk\u00f3w aktualizacyjnych do Urz\u0119d\u00f3w Skarbowych, GUS, CEIDG Us\u0142ugi dodatkowePomoc<\/p>\n<a class=\"btn_a\" href=\"https:\/\/biurosjz.pl\/index.php\/about\/\"><span><i class=\"in_left fa fa-angle-right\"><\/i><span>Details<\/span><i class=\"in_right fa fa-angle-right\"><\/i><\/span><\/a>","protected":false},"author":1,"featured_media":0,"parent":0,"menu_order":0,"comment_status":"closed","ping_status":"closed","template":"page-fullwidth.php","meta":[],"_links":{"self":[{"href":"https:\/\/biurosjz.pl\/index.php\/wp-json\/wp\/v2\/pages\/13"}],"collection":[{"href":"https:\/\/biurosjz.pl\/index.php\/wp-json\/wp\/v2\/pages"}],"about":[{"href":"https:\/\/biurosjz.pl\/index.php\/wp-json\/wp\/v2\/types\/page"}],"author":[{"embeddable":true,"href":"https:\/\/biurosjz.pl\/index.php\/wp-json\/wp\/v2\/users\/1"}],"replies":[{"embeddable":true,"href":"https:\/\/biurosjz.pl\/index.php\/wp-json\/wp\/v2\/comments?post=13"}],"version-history":[{"count":27,"href":"https:\/\/biurosjz.pl\/index.php\/wp-json\/wp\/v2\/pages\/13\/revisions"}],"predecessor-version":[{"id":334,"href":"https:\/\/biurosjz.pl\/index.php\/wp-json\/wp\/v2\/pages\/13\/revisions\/334"}],"wp:attachment":[{"href":"https:\/\/biurosjz.pl\/index.php\/wp-json\/wp\/v2\/media?parent=13"}],"curies":[{"name":"wp","href":"https:\/\/api.w.org\/{rel}","templated":true}]}}